{"id":2,"date":"2014-04-19T12:09:48","date_gmt":"2014-04-19T12:09:48","guid":{"rendered":"http:\/\/steir-kuss.at\/?page_id=2"},"modified":"2025-08-11T21:51:14","modified_gmt":"2025-08-11T19:51:14","slug":"sample-page","status":"publish","type":"page","link":"https:\/\/steir-kuss.at\/?page_id=2","title":{"rendered":"Zimmer &#038; Preise"},"content":{"rendered":"<table>\n<tbody>\n<tr>\n<td>\n<div id=\"attachment_181\" style=\"width: 160px\" class=\"wp-caption aligncenter\"><a href=\"http:\/\/steir-kuss.at\/?page_id=87\"><img loading=\"lazy\" decoding=\"async\" aria-describedby=\"caption-attachment-181\" class=\"size-thumbnail wp-image-181\" src=\"http:\/\/steir-kuss.at\/wp-content\/uploads\/2014\/08\/Zimmer07-150x150.jpg\" alt=\"2-Bett-Komfortzimmer mit Duche, SAT-TV und Balkon\" width=\"150\" height=\"150\" \/><\/a><p id=\"caption-attachment-181\" class=\"wp-caption-text\">2-Bett-Komfortzimmer mit Duche, SAT-TV und Balkon<\/p><\/div>\n<\/td>\n<td>\n<div id=\"attachment_162\" style=\"width: 160px\" class=\"wp-caption aligncenter\"><a href=\"http:\/\/steir-kuss.at\/?page_id=87\"><img loading=\"lazy\" decoding=\"async\" aria-describedby=\"caption-attachment-162\" class=\"size-thumbnail wp-image-162\" src=\"http:\/\/steir-kuss.at\/wp-content\/uploads\/2014\/07\/Zimmer06-150x150.jpg\" alt=\"3-Bett-Komfortzimmer mit Duche, SAT-TV und Balkon\" width=\"150\" height=\"150\" \/><\/a><p id=\"caption-attachment-162\" class=\"wp-caption-text\">3-Bett-Komfortzimmer mit Duche oder Bad, SAT-TV und Balkon<\/p><\/div>\n<\/td>\n<td>\n<div id=\"attachment_159\" style=\"width: 160px\" class=\"wp-caption aligncenter\"><a href=\"http:\/\/steir-kuss.at\/?page_id=87\"><img loading=\"lazy\" decoding=\"async\" aria-describedby=\"caption-attachment-159\" class=\"size-thumbnail wp-image-159\" src=\"http:\/\/steir-kuss.at\/wp-content\/uploads\/2014\/08\/Zimmer05-150x150.jpg\" alt=\"4-Bett-Komfortzimmer mit Duche, SAT-TV und Balkon\" width=\"150\" height=\"150\" \/><\/a><p id=\"caption-attachment-159\" class=\"wp-caption-text\">4-Bett-Komfortzimmer mit Duche, SAT-TV und Balkon<\/p><\/div>\n<\/td>\n<\/tr>\n<\/tbody>\n<\/table>\n<ul>\n<li>Unsere 2-, 3-, 4 \u2013 Bett-Komfortzimmer sind mit Dusche, WC und Balkon ausgestattet<\/li>\n<li>Das 4-Bett-Familienzimmer ist mit Bad ausgestattet<\/li>\n<li>Betten von 90cm x 210cm mit Boxspring-Matratzen in zwei unterschiedlichen H\u00e4rten<\/li>\n<li>Alle Zimmer sind mit SAT-TV und Flat Screen ausgestattet<\/li>\n<li>Gitterbett\/Babybett auf Anfrage<\/li>\n<li>Im Sommer (22. Mai bis 18. Oktober 2015): Sommercard inklusive<\/li>\n<li>Check-in ab 14.00 Uhr<\/li>\n<li>Check-out bis 10.00 Uhr<\/li>\n<\/ul>\n<h3>Preise<\/h3>\n<ul>\n<li>Preise sind pro Person &amp; N\u00e4chtigung inkl. MwST. aber exkl. Ortstaxe von \u20ac2,50 (pro Person &amp; N\u00e4chtigung f&uuml;r Personen ab 15 Jahr)<\/li>\n<li>Bei einer \u00dcbernachtung von nur einer Nacht wird ein Aufpreis von \u20ac10 pro Person berechnet.<\/li>\n<li>Die Preise auf der Website werden stets gewartet und aktuell gehalten, vorbehaltlich Tippfehler, Rechtschreibfehler sowie diverser Irrt\u00fcmer, ohne Gew\u00e4hr. Aus den angef\u00fchrten Informationen und Preisen kann sich keinerlei Rechtsanspruch ergeben.<\/li>\n<\/ul>\n<h5>Preise Erwachsenen<\/h5>\n<p><em>Preise inklusieve Fr\u00fchst\u00fcck!<\/em><\/p>\n<table style=\"border-collapse: collapse;\" cellspacing=\"3\" cellpadding=\"3\">\n<tbody>\n\n<td>29 May &#8211; 2. Nov. 2025<\/td>\n<td>ab \u20ac66,95 pro Person\/Nacht<\/td>\n<\/tr>\n<tr>\n<td>3. Nov. &#8211; 4. Dec. 2025<\/td>\n<td>ab \u20ac56,95 pro Person\/Nacht<\/td>\n<\/tr>\n<tr>\n<td>5. Dec. &#8211; 19. Dec. 2025<\/td>\n<td>ab \u20ac70,00 pro Person\/Nacht<\/td>\n<\/tr>\n<tr>\n<td>20. Dec. 2025 &#8211; 6. Jan. 2026<\/td>\n<td>ab 74,00 pro Person\/Nacht<\/td>\n<\/tr>\n<tr>\n<td>7. Jan. &#8211; 30. Jan. 2026<\/td>\n<td>ab \u20ac70,00 pro Person\/Nacht<\/td>\n<\/tr>\n<tr>\n<td>31. Jan. &#8211; 6. Mar. 2026<\/td>\n<td>ab \u20ac74,00 pro Person\/Nacht<\/td>\n<\/tr>\n<tr>\n<td>7. Mar. &#8211; 12. Apr. 2026<\/td>\n<td>ab \u20ac70,00 pro Person\/Nacht<\/td>\n<\/tr>\n<td>13. Apr. &#8211; 13. Mai 2026<\/td>\n<td>ab \u20ac59,95 pro Person\/Nacht<\/td>\n<\/tr>\n<td>14 Mai &#8211; 1 Nov. 2026<\/td>\n<td>ab \u20ac71,95 pro Person\/Nacht<\/td>\n<\/tr>\n\n<\/tbody>\n<\/table>\n<h5>Preise Kinder<\/h5>\n<p>Preise wenn Kinder mit den Eltern im Zimmer verbleiben!<\/p>\n<ul>\n<li>bis einschlie\u00dflich 4. j\u00e4hrigem Alter: Gratis<\/li>\n<li>5 &#8211; 8 Jahr: 40% Preisreduzierung<\/li>\n<li>9 &#8211; 16 Jahr: 30% Preisreduzierung<\/li>\n<\/ul>\n<h3>Stonierungsbedingungen<\/h3>\n<p>Es gelten die folgenden Stornobedingungen:<\/p>\n<ul>\n<li>bis sp\u00e4testens 3 Monate (90 Tage) vor dem Ankunftstag \u2013 keine Stornogeb\u00fchr;<\/li>\n<li>bis 1 Monat (89 Tage bis 30 Tage) vor dem Ankunftstag 40 % vom gesamten Arrangementpreis;<\/li>\n<li>bis 1 Woche (29 bis 8 Tage) vor dem Ankunftstag 70 % vom gesamten Arrangementpreis;<\/li>\n<li>in der letzten Woche (7 Tage bis Ankunftstag) 90 % vom gesamten Arrangementpreis;<\/li>\n<li>bei Nichtanreise oder verfr\u00fchte Abreise: 100% vom gesamten Arragementpreis.<\/li>\n<\/ul>\n<p>Wir empfehlen Ihnen eine Reiser\u00fccktrittsversicherung abzuschlie\u00dfen.<\/p>\n<h3>Gesch\u00e4ftsbedingungen<\/h3>\n<p>F\u00fcr unsere Leistungen gelten <a href=\"http:\/\/steir-kuss.at\/?p=423\" target=\"_blank\" rel=\"noopener noreferrer\">Gesch\u00e4fts- und Stonierungsbedingungen<\/a>!<\/p>\n<h3>Buchen<\/h3>\n<p><a href=\"http:\/\/steir-kuss.at\/?page_id=7\">Zimmer hier buchen!<\/a><\/p>\n\n\n<p><\/p>\n","protected":false},"excerpt":{"rendered":"<p>Unsere 2-, 3-, 4 \u2013 Bett-Komfortzimmer sind mit Dusche, WC und Balkon ausgestattet Das 4-Bett-Familienzimmer ist mit Bad ausgestattet Betten von 90cm x 210cm mit Boxspring-Matratzen in zwei unterschiedlichen H\u00e4rten Alle Zimmer sind mit SAT-TV und Flat Screen ausgestattet Gitterbett\/Babybett auf Anfrage Im Sommer (22. Mai bis 18. Oktober 2015): \u2026 <a class=\"continue-reading-link\" href=\"https:\/\/steir-kuss.at\/?page_id=2\"> Continue reading<\/a><\/p>\n","protected":false},"author":1,"featured_media":0,"parent":0,"menu_order":1,"comment_status":"open","ping_status":"open","template":"","meta":{"footnotes":""},"class_list":["post-2","page","type-page","status-publish","hentry"],"_links":{"self":[{"href":"https:\/\/steir-kuss.at\/index.php?rest_route=\/wp\/v2\/pages\/2","targetHints":{"allow":["GET"]}}],"collection":[{"href":"https:\/\/steir-kuss.at\/index.php?rest_route=\/wp\/v2\/pages"}],"about":[{"href":"https:\/\/steir-kuss.at\/index.php?rest_route=\/wp\/v2\/types\/page"}],"author":[{"embeddable":true,"href":"https:\/\/steir-kuss.at\/index.php?rest_route=\/wp\/v2\/users\/1"}],"replies":[{"embeddable":true,"href":"https:\/\/steir-kuss.at\/index.php?rest_route=%2Fwp%2Fv2%2Fcomments&post=2"}],"version-history":[{"count":128,"href":"https:\/\/steir-kuss.at\/index.php?rest_route=\/wp\/v2\/pages\/2\/revisions"}],"predecessor-version":[{"id":540,"href":"https:\/\/steir-kuss.at\/index.php?rest_route=\/wp\/v2\/pages\/2\/revisions\/540"}],"wp:attachment":[{"href":"https:\/\/steir-kuss.at\/index.php?rest_route=%2Fwp%2Fv2%2Fmedia&parent=2"}],"curies":[{"name":"wp","href":"https:\/\/api.w.org\/{rel}","templated":true}]}}