{"id":9,"date":"2014-04-20T12:35:37","date_gmt":"2014-04-20T12:35:37","guid":{"rendered":"http:\/\/steir-kuss.at\/?page_id=9"},"modified":"2014-08-13T16:38:14","modified_gmt":"2014-08-13T14:38:14","slug":"anreihse","status":"publish","type":"page","link":"https:\/\/steir-kuss.at\/?page_id=9","title":{"rendered":"Anreise"},"content":{"rendered":"<p>Kurztrum 113<br \/>\n8966 Aich-Assach<br \/>\n\u00d6sterreich<br \/>\nTelefon: +43 36864112<br \/>\nEmail: info@steir-kuss.at<br \/>\nInternet: <a href=\"http:\/\/www.steir-kuss.at\">www.steir-kuss.at<\/a><\/p>\n<h3>Anreisebeschreibung<\/h3>\n<p>Sie erreichen uns aus westlicher Richtung \u00fcber Salzburg, Tauernautobahn A10, Richtung S\u00fcden \u2013 Abfahrt Graz, dann 30 km bis Aich, \u00fcber Radstadt-Schladming-Aich.<\/p>\n<p>Aus  n\u00f6rdlicher und \u00f6stlicher Richtung fahren Sie die Phyrnautobahn A9, Abfahrt Liezen &#8211; Richtung Salzburg ca. 40 km bis Aich. Unser Haus befindet sich in s\u00fcdlicher Richtung, gegen\u00fcber dem Kriegerdenkmal. Osteinfahrt Aich.<\/p>\n<h3>GPS Koordinaten<\/h3>\n<p>Breitengrad: 47.423335<br \/>\nL\u00e4ngengrad: 13.825037<\/p>\n<h3>Karte<\/h3>\n<p><iframe loading=\"lazy\" style=\"border: 0;\" src=\"https:\/\/www.google.com\/maps\/embed?pb=!1m18!1m12!1m3!1d2699.41581727701!2d13.825036999998803!3d47.42333474579844!2m3!1f0!2f0!3f0!3m2!1i1024!2i768!4f13.1!3m3!1m2!1s0x47713ce7ae419f4b%3A0xc828da240f3c83f6!2sAich+113!5e0!3m2!1sen!2snl!4v1398266452913\" width=\"600\" height=\"450\" frameborder=\"0\"><\/iframe><\/p>\n<form action=\"http:\/\/maps.google.com\/maps\" method=\"get\" target=\"_blank\"><label for=\"saddr\">Ihr Standort:<\/label><br \/>\n<input name=\"saddr\" type=\"text\" \/> <input name=\"daddr\" type=\"hidden\" value=\"Aich 113, 8966 Aich-Assach, Austria\" \/><input type=\"submit\" value=\"Anreisebeschreibung\" \/><\/form>\n","protected":false},"excerpt":{"rendered":"<p>Kurztrum 113 8966 Aich-Assach \u00d6sterreich Telefon: +43 36864112 Email: info@steir-kuss.at Internet: www.steir-kuss.at Anreisebeschreibung Sie erreichen uns aus westlicher Richtung \u00fcber Salzburg, Tauernautobahn A10, Richtung S\u00fcden \u2013 Abfahrt Graz, dann 30 km bis Aich, \u00fcber Radstadt-Schladming-Aich. Aus n\u00f6rdlicher und \u00f6stlicher Richtung fahren Sie die Phyrnautobahn A9, Abfahrt Liezen &#8211; Richtung Salzburg \u2026 <a class=\"continue-reading-link\" href=\"https:\/\/steir-kuss.at\/?page_id=9\"> Continue reading<\/a><\/p>\n","protected":false},"author":1,"featured_media":0,"parent":0,"menu_order":3,"comment_status":"open","ping_status":"open","template":"","meta":{"footnotes":""},"class_list":["post-9","page","type-page","status-publish","hentry"],"_links":{"self":[{"href":"https:\/\/steir-kuss.at\/index.php?rest_route=\/wp\/v2\/pages\/9","targetHints":{"allow":["GET"]}}],"collection":[{"href":"https:\/\/steir-kuss.at\/index.php?rest_route=\/wp\/v2\/pages"}],"about":[{"href":"https:\/\/steir-kuss.at\/index.php?rest_route=\/wp\/v2\/types\/page"}],"author":[{"embeddable":true,"href":"https:\/\/steir-kuss.at\/index.php?rest_route=\/wp\/v2\/users\/1"}],"replies":[{"embeddable":true,"href":"https:\/\/steir-kuss.at\/index.php?rest_route=%2Fwp%2Fv2%2Fcomments&post=9"}],"version-history":[{"count":21,"href":"https:\/\/steir-kuss.at\/index.php?rest_route=\/wp\/v2\/pages\/9\/revisions"}],"predecessor-version":[{"id":260,"href":"https:\/\/steir-kuss.at\/index.php?rest_route=\/wp\/v2\/pages\/9\/revisions\/260"}],"wp:attachment":[{"href":"https:\/\/steir-kuss.at\/index.php?rest_route=%2Fwp%2Fv2%2Fmedia&parent=9"}],"curies":[{"name":"wp","href":"https:\/\/api.w.org\/{rel}","templated":true}]}}